{"id":836,"date":"2023-05-23T13:34:48","date_gmt":"2023-05-23T10:34:48","guid":{"rendered":"https:\/\/www.miceplus.com.tr\/beispielseite\/"},"modified":"2023-07-06T12:35:43","modified_gmt":"2023-07-06T09:35:43","slug":"beispielseite","status":"publish","type":"page","link":"https:\/\/www.miceplus.com.tr\/de\/beispielseite\/","title":{"rendered":"Beispielseite"},"content":{"rendered":"\n<p>Dies ist eine Beispielseite. Er unterscheidet sich von einem Blog-Post, da er an einem bestimmten Ort verbleibt und sein Titel im Navigationsmen\u00fc Ihres Themes angezeigt wird (die meisten Themes unterst\u00fctzen dies). Viele Menschen verwenden eine \u00dcber-Seite, um potenzielle Besucher zu begr\u00fc\u00dfen. Eine Seite, die wie folgt aussieht:<\/p>\n\n<blockquote class=\"wp-block-quote is-layout-flow wp-block-quote-is-layout-flow\"><p>Hallo! Ich bin tags\u00fcber ein Fahrradkurier und nachts ein aufstrebender Schauspieler, und dies ist meine Website. Ich lebe in Istanbul, habe einen wunderbaren Hund namens B\u0131d\u0131k und trinke gerne Pi\u00f1a Colada. (Und vom Regen \u00fcberrascht zu werden.)<\/p><\/blockquote>\n\n<p>&#8230;oder so \u00e4hnlich:<\/p>\n\n<blockquote class=\"wp-block-quote is-layout-flow wp-block-quote-is-layout-flow\"><p>XYZ wurde 1971 gegr\u00fcndet und stellt seither Qualit\u00e4tsprodukte her. Das in Gotham City ans\u00e4ssige Unternehmen XYZ mit seinen \u00fcber 2.000 Mitarbeitern ist bestrebt, das Beste f\u00fcr Gotham City zu tun.<\/p><\/blockquote>\n\n<p>Als neuer WordPress-Benutzer sollten Sie zun\u00e4chst <a href=\"https:\/\/www.miceplus.com.tr\/wp-admin\/\">auf die Startseite<\/a> gehen, diese Seite l\u00f6schen und Ihre eigenen Seiten erstellen. Viel Spa\u00df!<\/p>\n","protected":false},"excerpt":{"rendered":"<p>Dies ist eine Beispielseite. Er unterscheidet sich von einem Blog-Post, da er an einem bestimmten Ort verbleibt und sein Titel im Navigationsmen\u00fc Ihres Themes angezeigt wird (die meisten Themes unterst\u00fctzen dies). Viele Menschen verwenden eine \u00dcber-Seite, um potenzielle Besucher zu begr\u00fc\u00dfen. Eine Seite, die wie folgt aussieht: Hallo! Ich bin tags\u00fcber ein Fahrradkurier und nachts [&hellip;]<\/p>\n","protected":false},"author":1,"featured_media":0,"parent":0,"menu_order":0,"comment_status":"closed","ping_status":"open","template":"","meta":{"footnotes":""},"class_list":["post-836","page","type-page","status-publish","hentry"],"_links":{"self":[{"href":"https:\/\/www.miceplus.com.tr\/de\/wp-json\/wp\/v2\/pages\/836","targetHints":{"allow":["GET"]}}],"collection":[{"href":"https:\/\/www.miceplus.com.tr\/de\/wp-json\/wp\/v2\/pages"}],"about":[{"href":"https:\/\/www.miceplus.com.tr\/de\/wp-json\/wp\/v2\/types\/page"}],"author":[{"embeddable":true,"href":"https:\/\/www.miceplus.com.tr\/de\/wp-json\/wp\/v2\/users\/1"}],"replies":[{"embeddable":true,"href":"https:\/\/www.miceplus.com.tr\/de\/wp-json\/wp\/v2\/comments?post=836"}],"version-history":[{"count":1,"href":"https:\/\/www.miceplus.com.tr\/de\/wp-json\/wp\/v2\/pages\/836\/revisions"}],"predecessor-version":[{"id":837,"href":"https:\/\/www.miceplus.com.tr\/de\/wp-json\/wp\/v2\/pages\/836\/revisions\/837"}],"wp:attachment":[{"href":"https:\/\/www.miceplus.com.tr\/de\/wp-json\/wp\/v2\/media?parent=836"}],"curies":[{"name":"wp","href":"https:\/\/api.w.org\/{rel}","templated":true}]}}