{"id":819,"date":"2023-05-23T13:34:48","date_gmt":"2023-05-23T10:34:48","guid":{"rendered":"https:\/\/www.miceplus.com.tr\/exemple-de-page\/"},"modified":"2023-07-06T12:29:57","modified_gmt":"2023-07-06T09:29:57","slug":"exemple-de-page","status":"publish","type":"page","link":"https:\/\/www.miceplus.com.tr\/fr\/exemple-de-page\/","title":{"rendered":"Exemple de page"},"content":{"rendered":"\n<p>Il s&rsquo;agit d&rsquo;une page d&rsquo;exemple. Il diff\u00e8re d&rsquo;un article de blog car il reste fix\u00e9 \u00e0 un endroit sp\u00e9cifique et son titre est affich\u00e9 dans le menu de navigation de votre th\u00e8me (la plupart des th\u00e8mes le prennent en charge). De nombreuses personnes utilisent une page \u00ab\u00a0\u00c0 propos\u00a0\u00bb pour accueillir les visiteurs potentiels. Une page qui ressemble \u00e0 celle-ci :<\/p>\n\n<blockquote class=\"wp-block-quote is-layout-flow wp-block-quote-is-layout-flow\"><p>Bonjour ! Je suis coursier \u00e0 v\u00e9lo le jour et acteur en herbe la nuit, et ceci est mon site web. Je vis \u00e0 Istanbul, j&rsquo;ai un merveilleux chien qui s&rsquo;appelle B\u0131d\u0131k et j&rsquo;adore boire des pi\u00f1a colada. (Et se faire surprendre par la pluie).<\/p><\/blockquote>\n\n<p>&#8230;ou quelque chose comme \u00e7a :<\/p>\n\n<blockquote class=\"wp-block-quote is-layout-flow wp-block-quote-is-layout-flow\"><p>XYZ a \u00e9t\u00e9 fond\u00e9e en 1971 et fabrique depuis lors des produits de qualit\u00e9. Situ\u00e9e \u00e0 Gotham City, la soci\u00e9t\u00e9 XYZ, qui emploie plus de 2 000 personnes, s&rsquo;efforce de faire ce qu&rsquo;il y a de mieux pour Gotham City.<\/p><\/blockquote>\n\n<p>En tant que nouvel utilisateur de WordPress, vous devez d&rsquo;abord vous rendre <a href=\"https:\/\/www.miceplus.com.tr\/wp-admin\/\">sur la page d&rsquo;accueil<\/a>, supprimer cette page et cr\u00e9er vos propres pages. Amusez-vous bien !<\/p>\n","protected":false},"excerpt":{"rendered":"<p>Il s&rsquo;agit d&rsquo;une page d&rsquo;exemple. Il diff\u00e8re d&rsquo;un article de blog car il reste fix\u00e9 \u00e0 un endroit sp\u00e9cifique et son titre est affich\u00e9 dans le menu de navigation de votre th\u00e8me (la plupart des th\u00e8mes le prennent en charge). De nombreuses personnes utilisent une page \u00ab\u00a0\u00c0 propos\u00a0\u00bb pour accueillir les visiteurs potentiels. Une page [&hellip;]<\/p>\n","protected":false},"author":1,"featured_media":0,"parent":0,"menu_order":0,"comment_status":"closed","ping_status":"open","template":"","meta":{"footnotes":""},"class_list":["post-819","page","type-page","status-publish","hentry"],"_links":{"self":[{"href":"https:\/\/www.miceplus.com.tr\/fr\/wp-json\/wp\/v2\/pages\/819","targetHints":{"allow":["GET"]}}],"collection":[{"href":"https:\/\/www.miceplus.com.tr\/fr\/wp-json\/wp\/v2\/pages"}],"about":[{"href":"https:\/\/www.miceplus.com.tr\/fr\/wp-json\/wp\/v2\/types\/page"}],"author":[{"embeddable":true,"href":"https:\/\/www.miceplus.com.tr\/fr\/wp-json\/wp\/v2\/users\/1"}],"replies":[{"embeddable":true,"href":"https:\/\/www.miceplus.com.tr\/fr\/wp-json\/wp\/v2\/comments?post=819"}],"version-history":[{"count":1,"href":"https:\/\/www.miceplus.com.tr\/fr\/wp-json\/wp\/v2\/pages\/819\/revisions"}],"predecessor-version":[{"id":820,"href":"https:\/\/www.miceplus.com.tr\/fr\/wp-json\/wp\/v2\/pages\/819\/revisions\/820"}],"wp:attachment":[{"href":"https:\/\/www.miceplus.com.tr\/fr\/wp-json\/wp\/v2\/media?parent=819"}],"curies":[{"name":"wp","href":"https:\/\/api.w.org\/{rel}","templated":true}]}}